{"id":7,"date":"2021-01-25T12:41:00","date_gmt":"2021-01-25T12:41:00","guid":{"rendered":"https:\/\/familytips21.com\/?page_id=7"},"modified":"2021-01-27T11:39:32","modified_gmt":"2021-01-27T10:39:32","slug":"blog","status":"publish","type":"page","link":"https:\/\/familytips21.com\/en\/blog\/","title":{"rendered":"Importancia del matrimonio como base de la familia"},"content":{"rendered":"\n<div class=\"wp-block-cover alignfull has-background-dim-10 has-background-dim\" style=\"background-image:url('https:\/\/familytips21.com\/wp-content\/uploads\/2021\/01\/800px-family_portrait-1.jpg');\"><div class=\"wp-block-cover__inner-container is-layout-flow wp-block-cover-is-layout-flow\">\n<p class=\"has-text-align-center has-large-font-size wp-block-paragraph\"><\/p>\n<\/div><\/div>\n\n\n\n<div style=\"height:64px;\" aria-hidden=\"true\" class=\"wp-block-spacer desktop-only\"><\/div>\n\n\n\n<hr class=\"wp-block-separator is-style-wide\" \/>\n\n\n\n<div class=\"wp-block-media-text alignwide is-stacked-on-mobile\"><figure class=\"wp-block-media-text__media\"><img data-recalc-dims=\"1\" loading=\"lazy\" decoding=\"async\" width=\"712\" height=\"401\" data-attachment-id=\"80\" data-permalink=\"https:\/\/familytips21.com\/en\/vlcsnap-2021-01-22-15h05m01s751\/\" data-orig-file=\"https:\/\/i0.wp.com\/familytips21.com\/wp-content\/uploads\/2021\/01\/vlcsnap-2021-01-22-15h05m01s751.jpg?fit=1920%2C1080&amp;ssl=1\" data-orig-size=\"1920,1080\" data-comments-opened=\"1\" data-image-meta=\"{&quot;aperture&quot;:&quot;0&quot;,&quot;credit&quot;:&quot;&quot;,&quot;camera&quot;:&quot;&quot;,&quot;caption&quot;:&quot;&quot;,&quot;created_timestamp&quot;:&quot;0&quot;,&quot;copyright&quot;:&quot;&quot;,&quot;focal_length&quot;:&quot;0&quot;,&quot;iso&quot;:&quot;0&quot;,&quot;shutter_speed&quot;:&quot;0&quot;,&quot;title&quot;:&quot;&quot;,&quot;orientation&quot;:&quot;0&quot;}\" data-image-title=\"vlcsnap-2021-01-22-15h05m01s751\" data-image-description=\"\" data-image-caption=\"\" data-medium-file=\"https:\/\/i0.wp.com\/familytips21.com\/wp-content\/uploads\/2021\/01\/vlcsnap-2021-01-22-15h05m01s751.jpg?fit=300%2C169&amp;ssl=1\" data-large-file=\"https:\/\/i0.wp.com\/familytips21.com\/wp-content\/uploads\/2021\/01\/vlcsnap-2021-01-22-15h05m01s751.jpg?fit=712%2C401&amp;ssl=1\" src=\"https:\/\/i0.wp.com\/familytips21.com\/wp-content\/uploads\/2021\/01\/vlcsnap-2021-01-22-15h05m01s751.jpg?resize=712%2C401&#038;ssl=1\" alt=\"\" class=\"wp-image-80 size-full\" \/><\/figure><div class=\"wp-block-media-text__content\">\n<p class=\"has-drop-cap has-primary-color has-text-color wp-block-paragraph\">Definimos al Matrimonio como una Instituci\u00f3n Social que permite la creaci\u00f3n de un v\u00ednculo entre dos miembros, que son conyuges, siendo una uni\u00f3n de reconocimiento social y contando con el sustento de&nbsp;<a href=\"https:\/\/www.importancia.org\/normas-juridicas.php\">Normas Jur\u00eddicas<\/a>&nbsp;para su ejecuci\u00f3n, sus Derechos y&nbsp;<a href=\"https:\/\/www.importancia.org\/obligaciones.php\">Obligaciones<\/a>, adem\u00e1s de ello contar con otra fuente como lo son las Costumbres y Usos de una&nbsp;<a href=\"https:\/\/www.importancia.org\/sociedad.php\">sociedad<\/a>&nbsp;determinada, variando en torno a la misma.<\/p>\n\n\n\n<p class=\"has-drop-cap has-primary-color has-text-color wp-block-paragraph\">La uni\u00f3n mediante el Matrimonio permite hacer leg\u00edtima la filiaci\u00f3n de los Hijos que han sido concebidos o bien aquellos Hijos Adoptivos, dependiendo siempre de las distintas Leyes y Normas que posee una sociedad determinada, con sus respectivas Obligaciones y Derechos para con ellos.<\/p>\n\n\n\n<p class=\"has-drop-cap has-primary-color has-text-color wp-block-paragraph\">En lo que respecta al Derecho Occidental, se considera como tal a la Uni\u00f3n de Dos&nbsp;<a href=\"https:\/\/www.importancia.org\/personas.php\">Personas<\/a>, que tienen en com\u00fan el objetivo y la finalidad de poder Construir su Familia, teniendo en principio la condici\u00f3n fundamental de ser personas de diferente sexo, aunque en los \u00faltimos a\u00f1os ha existido una corriente que considera tambi\u00e9n al Matrimonio Igualitario, siendo \u00e9ste el contraido por personas del mismo sexo (decisi\u00f3n que ha traido y contin\u00faa siendo el eje de pol\u00e9micas y discusiones por quienes se oponen)<\/p>\n<\/div><\/div>\n\n\n\n<p class=\"has-text-align-left wp-block-paragraph\">Recibe nuevo contenido directamente en tu bandeja de entrada.<\/p>\n\n\n\n<p class=\"wp-block-paragraph\"><\/p>\n\n\n<div class=\"wp-block-jetpack-subscriptions__supports-newline wp-block-jetpack-subscriptions\">\n\t\t<div>\n\t\t\t<div>\n\t\t\t\t<div>\n\t\t\t\t\t<p >\n\t\t\t\t\t\t<a href=\"https:\/\/familytips21.com\/en\/?post_type=page&#038;p=7\" style=\"font-size: 16px;padding: 15px 23px 15px 23px;margin: 0; margin-left: 10px;border-radius: 0px;border-width: 1px; background-color: #113AF5; color: #FFFFFF; text-decoration: none; white-space: nowrap; margin-left: 0\">Subscribe<\/a>\n\t\t\t\t\t<\/p>\n\t\t\t\t<\/div>\n\t\t\t<\/div>\n\t\t<\/div>\n\t<\/div>","protected":false},"excerpt":{"rendered":"<p>Definimos al Matrimonio como una Instituci\u00f3n Social que permite la creaci\u00f3n de un v\u00ednculo entre dos miembros, que son conyuges, siendo una uni\u00f3n de reconocimiento social y contando con el sustento de&nbsp;Normas Jur\u00eddicas&nbsp;para su ejecuci\u00f3n, sus Derechos y&nbsp;Obligaciones, adem\u00e1s de ello contar con otra fuente como lo son las Costumbres y Usos de una&nbsp;sociedad&nbsp;determinada, variando &hellip; <a href=\"https:\/\/familytips21.com\/en\/blog\/\" class=\"more-link\">Continue reading <span class=\"screen-reader-text\">Importancia del matrimonio como base de la familia<\/span><\/a><\/p>\n","protected":false},"author":200472926,"featured_media":0,"parent":0,"menu_order":0,"comment_status":"closed","ping_status":"closed","template":"","meta":{"_coblocks_attr":"","_coblocks_dimensions":"","_coblocks_responsive_height":"","_coblocks_accordion_ie_support":"","_crdt_document":"","jetpack_post_was_ever_published":false,"footnotes":""},"tags":[],"class_list":["post-7","page","type-page","status-publish","hentry","no-featured-image"],"yoast_head":"<!-- This site is optimized with the Yoast SEO plugin v27.3 - https:\/\/yoast.com\/product\/yoast-seo-wordpress\/ -->\n<title>Importancia del matrimonio como base de la familia -<\/title>\n<meta name=\"robots\" content=\"index, follow, max-snippet:-1, max-image-preview:large, max-video-preview:-1\" \/>\n<link rel=\"canonical\" href=\"https:\/\/familytips21.com\/en\/blog\/\" class=\"yoast-seo-meta-tag\" \/>\n<meta property=\"og:locale\" content=\"en_US\" class=\"yoast-seo-meta-tag\" \/>\n<meta property=\"og:type\" content=\"article\" class=\"yoast-seo-meta-tag\" \/>\n<meta property=\"og:title\" content=\"Importancia del matrimonio como base de la familia -\" class=\"yoast-seo-meta-tag\" \/>\n<meta property=\"og:description\" content=\"Definimos al Matrimonio como una Instituci\u00f3n Social que permite la creaci\u00f3n de un v\u00ednculo entre dos miembros, que son conyuges, siendo una uni\u00f3n de reconocimiento social y contando con el sustento de&nbsp;Normas Jur\u00eddicas&nbsp;para su ejecuci\u00f3n, sus Derechos y&nbsp;Obligaciones, adem\u00e1s de ello contar con otra fuente como lo son las Costumbres y Usos de una&nbsp;sociedad&nbsp;determinada, variando &hellip; Continue reading Importancia del matrimonio como base de la familia\" class=\"yoast-seo-meta-tag\" \/>\n<meta property=\"og:url\" content=\"https:\/\/familytips21.com\/en\/blog\/\" class=\"yoast-seo-meta-tag\" \/>\n<meta property=\"article:modified_time\" content=\"2021-01-27T10:39:32+00:00\" class=\"yoast-seo-meta-tag\" \/>\n<meta property=\"og:image\" content=\"https:\/\/familytips21.com\/wp-content\/uploads\/2021\/01\/vlcsnap-2021-01-22-15h05m01s751.jpg?w=1024\" class=\"yoast-seo-meta-tag\" \/>\n<meta name=\"twitter:card\" content=\"summary_large_image\" class=\"yoast-seo-meta-tag\" \/>\n<meta name=\"twitter:label1\" content=\"Est. reading time\" class=\"yoast-seo-meta-tag\" \/>\n\t<meta name=\"twitter:data1\" content=\"1 minute\" class=\"yoast-seo-meta-tag\" \/>\n<script type=\"application\/ld+json\" class=\"yoast-schema-graph\">{\"@context\":\"https:\\\/\\\/schema.org\",\"@graph\":[{\"@type\":\"WebPage\",\"@id\":\"https:\\\/\\\/familytips21.com\\\/en\\\/blog\\\/\",\"url\":\"https:\\\/\\\/familytips21.com\\\/en\\\/blog\\\/\",\"name\":\"Importancia del matrimonio como base de la familia -\",\"isPartOf\":{\"@id\":\"https:\\\/\\\/familytips21.com\\\/#website\"},\"primaryImageOfPage\":{\"@id\":\"https:\\\/\\\/familytips21.com\\\/en\\\/blog\\\/#primaryimage\"},\"image\":{\"@id\":\"https:\\\/\\\/familytips21.com\\\/en\\\/blog\\\/#primaryimage\"},\"thumbnailUrl\":\"https:\\\/\\\/familytips21.com\\\/wp-content\\\/uploads\\\/2021\\\/01\\\/vlcsnap-2021-01-22-15h05m01s751.jpg?w=1024\",\"datePublished\":\"2021-01-25T12:41:00+00:00\",\"dateModified\":\"2021-01-27T10:39:32+00:00\",\"breadcrumb\":{\"@id\":\"https:\\\/\\\/familytips21.com\\\/en\\\/blog\\\/#breadcrumb\"},\"inLanguage\":\"En\",\"potentialAction\":[{\"@type\":\"ReadAction\",\"target\":[\"https:\\\/\\\/familytips21.com\\\/en\\\/blog\\\/\"]}]},{\"@type\":\"ImageObject\",\"inLanguage\":\"En\",\"@id\":\"https:\\\/\\\/familytips21.com\\\/en\\\/blog\\\/#primaryimage\",\"url\":\"https:\\\/\\\/familytips21.com\\\/wp-content\\\/uploads\\\/2021\\\/01\\\/vlcsnap-2021-01-22-15h05m01s751.jpg?w=1024\",\"contentUrl\":\"https:\\\/\\\/familytips21.com\\\/wp-content\\\/uploads\\\/2021\\\/01\\\/vlcsnap-2021-01-22-15h05m01s751.jpg?w=1024\"},{\"@type\":\"BreadcrumbList\",\"@id\":\"https:\\\/\\\/familytips21.com\\\/en\\\/blog\\\/#breadcrumb\",\"itemListElement\":[{\"@type\":\"ListItem\",\"position\":1,\"name\":\"Home\",\"item\":\"https:\\\/\\\/familytips21.com\\\/\"},{\"@type\":\"ListItem\",\"position\":2,\"name\":\"Importancia del matrimonio como base de la familia\"}]},{\"@type\":\"WebSite\",\"@id\":\"https:\\\/\\\/familytips21.com\\\/#website\",\"url\":\"https:\\\/\\\/familytips21.com\\\/\",\"name\":\"\",\"description\":\"\",\"potentialAction\":[{\"@type\":\"SearchAction\",\"target\":{\"@type\":\"EntryPoint\",\"urlTemplate\":\"https:\\\/\\\/familytips21.com\\\/?s={search_term_string}\"},\"query-input\":{\"@type\":\"PropertyValueSpecification\",\"valueRequired\":true,\"valueName\":\"search_term_string\"}}],\"inLanguage\":\"En\"}]}<\/script>\n<!-- \/ Yoast SEO plugin. -->","yoast_head_json":{"title":"Importancia del matrimonio como base de la familia -","robots":{"index":"index","follow":"follow","max-snippet":"max-snippet:-1","max-image-preview":"max-image-preview:large","max-video-preview":"max-video-preview:-1"},"canonical":"https:\/\/familytips21.com\/en\/blog\/","og_locale":"en_US","og_type":"article","og_title":"Importancia del matrimonio como base de la familia -","og_description":"Definimos al Matrimonio como una Instituci\u00f3n Social que permite la creaci\u00f3n de un v\u00ednculo entre dos miembros, que son conyuges, siendo una uni\u00f3n de reconocimiento social y contando con el sustento de&nbsp;Normas Jur\u00eddicas&nbsp;para su ejecuci\u00f3n, sus Derechos y&nbsp;Obligaciones, adem\u00e1s de ello contar con otra fuente como lo son las Costumbres y Usos de una&nbsp;sociedad&nbsp;determinada, variando &hellip; Continue reading Importancia del matrimonio como base de la familia","og_url":"https:\/\/familytips21.com\/en\/blog\/","article_modified_time":"2021-01-27T10:39:32+00:00","og_image":[{"url":"https:\/\/familytips21.com\/wp-content\/uploads\/2021\/01\/vlcsnap-2021-01-22-15h05m01s751.jpg?w=1024","type":"","width":"","height":""}],"twitter_card":"summary_large_image","twitter_misc":{"Est. reading time":"1 minute"},"schema":{"@context":"https:\/\/schema.org","@graph":[{"@type":"WebPage","@id":"https:\/\/familytips21.com\/en\/blog\/","url":"https:\/\/familytips21.com\/en\/blog\/","name":"Importancia del matrimonio como base de la familia -","isPartOf":{"@id":"https:\/\/familytips21.com\/#website"},"primaryImageOfPage":{"@id":"https:\/\/familytips21.com\/en\/blog\/#primaryimage"},"image":{"@id":"https:\/\/familytips21.com\/en\/blog\/#primaryimage"},"thumbnailUrl":"https:\/\/familytips21.com\/wp-content\/uploads\/2021\/01\/vlcsnap-2021-01-22-15h05m01s751.jpg?w=1024","datePublished":"2021-01-25T12:41:00+00:00","dateModified":"2021-01-27T10:39:32+00:00","breadcrumb":{"@id":"https:\/\/familytips21.com\/en\/blog\/#breadcrumb"},"inLanguage":"En","potentialAction":[{"@type":"ReadAction","target":["https:\/\/familytips21.com\/en\/blog\/"]}]},{"@type":"ImageObject","inLanguage":"En","@id":"https:\/\/familytips21.com\/en\/blog\/#primaryimage","url":"https:\/\/familytips21.com\/wp-content\/uploads\/2021\/01\/vlcsnap-2021-01-22-15h05m01s751.jpg?w=1024","contentUrl":"https:\/\/familytips21.com\/wp-content\/uploads\/2021\/01\/vlcsnap-2021-01-22-15h05m01s751.jpg?w=1024"},{"@type":"BreadcrumbList","@id":"https:\/\/familytips21.com\/en\/blog\/#breadcrumb","itemListElement":[{"@type":"ListItem","position":1,"name":"Home","item":"https:\/\/familytips21.com\/"},{"@type":"ListItem","position":2,"name":"Importancia del matrimonio como base de la familia"}]},{"@type":"WebSite","@id":"https:\/\/familytips21.com\/#website","url":"https:\/\/familytips21.com\/","name":"","description":"","potentialAction":[{"@type":"SearchAction","target":{"@type":"EntryPoint","urlTemplate":"https:\/\/familytips21.com\/?s={search_term_string}"},"query-input":{"@type":"PropertyValueSpecification","valueRequired":true,"valueName":"search_term_string"}}],"inLanguage":"En"}]}},"jetpack_likes_enabled":null,"jetpack_sharing_enabled":false,"jetpack_shortlink":"https:\/\/wp.me\/PcKORC-7","amp_enabled":true,"_links":{"self":[{"href":"https:\/\/familytips21.com\/en\/wp-json\/wp\/v2\/pages\/7","targetHints":{"allow":["GET"]}}],"collection":[{"href":"https:\/\/familytips21.com\/en\/wp-json\/wp\/v2\/pages"}],"about":[{"href":"https:\/\/familytips21.com\/en\/wp-json\/wp\/v2\/types\/page"}],"author":[{"embeddable":true,"href":"https:\/\/familytips21.com\/en\/wp-json\/wp\/v2\/users\/200472926"}],"replies":[{"embeddable":true,"href":"https:\/\/familytips21.com\/en\/wp-json\/wp\/v2\/comments?post=7"}],"version-history":[{"count":7,"href":"https:\/\/familytips21.com\/en\/wp-json\/wp\/v2\/pages\/7\/revisions"}],"predecessor-version":[{"id":79,"href":"https:\/\/familytips21.com\/en\/wp-json\/wp\/v2\/pages\/7\/revisions\/79"}],"wp:attachment":[{"href":"https:\/\/familytips21.com\/en\/wp-json\/wp\/v2\/media?parent=7"}],"wp:term":[{"taxonomy":"post_tag","embeddable":true,"href":"https:\/\/familytips21.com\/en\/wp-json\/wp\/v2\/tags?post=7"}],"curies":[{"name":"wp","href":"https:\/\/api.w.org\/{rel}","templated":true}]}}